{"id":197,"date":"2016-09-22T14:04:20","date_gmt":"2016-09-22T14:04:20","guid":{"rendered":"https:\/\/delvi.nl\/?page_id=197"},"modified":"2022-07-08T11:33:30","modified_gmt":"2022-07-08T11:33:30","slug":"de-eilanden","status":"publish","type":"page","link":"https:\/\/delvi.nl\/en\/collaborations\/de-eilanden\/","title":{"rendered":"De Eilanden"},"content":{"rendered":"<p>[et_pb_section fb_built=&#8221;1&#8243; admin_label=&#8221;section&#8221; _builder_version=&#8221;4.16&#8243; global_colors_info=&#8221;{}&#8221;][et_pb_row _builder_version=&#8221;4.16&#8243; background_size=&#8221;initial&#8221; background_position=&#8221;top_left&#8221; background_repeat=&#8221;repeat&#8221; global_colors_info=&#8221;{}&#8221;][et_pb_column type=&#8221;4_4&#8243; _builder_version=&#8221;4.16&#8243; custom_padding=&#8221;|||&#8221; global_colors_info=&#8221;{}&#8221; custom_padding__hover=&#8221;|||&#8221;][et_pb_cta button_url=&#8221;https:\/\/kraamzorgdeeilanden.nl\/inschrijven\/&#8221; url_new_window=&#8221;on&#8221; button_text=&#8221;Schrijf je in&#8221; _builder_version=&#8221;4.16&#8243; header_text_align=&#8221;left&#8221; header_text_color=&#8221;#f77f00&#8243; body_text_color=&#8221;#00bed6&#8243; background_color=&#8221;#ECFAFC&#8221; custom_button=&#8221;on&#8221; button_text_color=&#8221;#00bed6&#8243; button_icon=&#8221;&#x6c;||divi||400&#8243; button_alignment=&#8221;center&#8221; text_orientation=&#8221;left&#8221; background_layout=&#8221;light&#8221; animation_style=&#8221;fade&#8221; link_option_url=&#8221;https:\/\/kraamzorgdeeilanden.nl\/&#8221; link_option_url_new_window=&#8221;on&#8221; z_index_tablet=&#8221;500&#8243; global_colors_info=&#8221;{}&#8221;]<\/p>\n<h1><a href=\"https:\/\/kraamzorgdeeilanden.nl\/\"><img decoding=\"async\" loading=\"lazy\" class=\"wp-image-1877 alignleft\" src=\"https:\/\/delvi.nl\/wp-content\/uploads\/2020\/11\/KZ-de-Eilanden-logo.png\" alt=\"\" width=\"438\" height=\"236\" srcset=\"https:\/\/delvi.nl\/wp-content\/uploads\/2020\/11\/KZ-de-Eilanden-logo.png 306w, https:\/\/delvi.nl\/wp-content\/uploads\/2020\/11\/KZ-de-Eilanden-logo-300x162.png 300w\" sizes=\"(max-width: 438px) 100vw, 438px\" \/><\/a><\/h1>\n<p>&nbsp;<\/p>\n<p>&nbsp;<\/p>\n<h1 class=\"hero__title\" style=\"text-align: center;\"><\/h1>\n<h1 class=\"hero__title\" style=\"text-align: center;\"><\/h1>\n<h1 class=\"hero__title\" style=\"text-align: center;\"><\/h1>\n<h1 class=\"hero__title\" style=\"text-align: center;\"><\/h1>\n<h1 class=\"hero__title\" style=\"text-align: center;\"><\/h1>\n<h1 class=\"hero__title\" style=\"text-align: center;\"><\/h1>\n<h1 class=\"hero__title\" style=\"text-align: center;\"><\/h1>\n<h1 class=\"hero__title\" style=\"text-align: center;\"><\/h1>\n<h1 class=\"hero__title\" style=\"text-align: center;\"><\/h1>\n<h1 class=\"hero__title\" style=\"text-align: center;\"><\/h1>\n<h1 class=\"hero__title\" style=\"text-align: center;\"><\/h1>\n<h1 class=\"hero__title\" style=\"text-align: center;\"><\/h1>\n<h1 class=\"hero__title\" style=\"text-align: center;\"><\/h1>\n<h1 class=\"hero__title\" style=\"text-align: center;\"><\/h1>\n<h1 class=\"hero__title\" style=\"text-align: center;\"><\/h1>\n<h1 class=\"hero__title\" style=\"text-align: center;\"><\/h1>\n<h1 class=\"hero__title\" style=\"text-align: center;\">Our world revolves around you<\/h1>\n<p>[\/et_pb_cta][\/et_pb_column][\/et_pb_row][et_pb_row _builder_version=&#8221;4.16&#8243; global_colors_info=&#8221;{}&#8221;][et_pb_column type=&#8221;4_4&#8243; _builder_version=&#8221;4.16&#8243; custom_padding=&#8221;|||&#8221; global_colors_info=&#8221;{}&#8221; custom_padding__hover=&#8221;|||&#8221;][et_pb_slider _builder_version=&#8221;4.16&#8243; header_text_color=&#8221;#00bed6&#8243; body_text_color=&#8221;#f77f00&#8243; background_color=&#8221;#ecfafc&#8221; link_option_url=&#8221;https:\/\/kraamzorgdeeilanden.nl\/&#8221; link_option_url_new_window=&#8221;on&#8221; z_index_tablet=&#8221;500&#8243; global_colors_info=&#8221;{}&#8221;][et_pb_slide heading=&#8221;Waarom Kraamzorg de Eilanden?&#8221; image=&#8221;https:\/\/delvi.nl\/wp-content\/uploads\/2020\/11\/KZ2.jpg&#8221; use_bg_overlay=&#8221;off&#8221; use_text_overlay=&#8221;off&#8221; _builder_version=&#8221;4.16&#8243; button_on_hover=&#8221;on&#8221; global_colors_info=&#8221;{}&#8221; sticky_transition=&#8221;on&#8221;]<\/p>\n<p>Excellent quality Kraamzorg<\/p>\n<p>Maternity care in a way that suits you<\/p>\n<p>Attention for you, your baby and the rest of the family<\/p>\n<p>One fixed face during the maternity period<\/p>\n<p>Close to you<\/p>\n<p>[\/et_pb_slide][et_pb_slide heading=&#8221;We zijn allemaal uniek. Dat hebben we gemeen.&#8221; button_text=&#8221;Meer over ons &#8221; button_link=&#8221;https:\/\/kraamzorgdeeilanden.nl\/onze-kraamzorg\/onze-voordelen\/&#8221; url_new_window=&#8221;on&#8221; image=&#8221;https:\/\/delvi.nl\/wp-content\/uploads\/2020\/11\/KZ5.jpg&#8221; use_bg_overlay=&#8221;off&#8221; use_text_overlay=&#8221;off&#8221; _builder_version=&#8221;4.16&#8243; background_color=&#8221;#ecfafc&#8221; button_on_hover=&#8221;on&#8221; link_option_url=&#8221;https:\/\/kraamzorgdeeilanden.nl\/&#8221; link_option_url_new_window=&#8221;on&#8221; global_colors_info=&#8221;{}&#8221; sticky_transition=&#8221;on&#8221;]<\/p>\n<p>Once the little one is here, only one thing matters. The best start for you and your baby, or rather your whole family. In a way that suits you. In the moments when it matters. You will have an experienced maternity nurse who will take good care of you and let you enjoy the first moments together. Because our world revolves around you.<\/p>\n<p>[\/et_pb_slide][et_pb_slide heading=&#8221;Uitstekende kwaliteit \u2013 al meer dan 72 jaar&#8221; button_text=&#8221;Schrijf je in&#8221; button_link=&#8221;https:\/\/kraamzorgdeeilanden.nl\/inschrijven\/&#8221; url_new_window=&#8221;on&#8221; image=&#8221;https:\/\/delvi.nl\/wp-content\/uploads\/2020\/11\/KZ6.jpg&#8221; use_bg_overlay=&#8221;off&#8221; use_text_overlay=&#8221;off&#8221; _builder_version=&#8221;4.16&#8243; background_color=&#8221;#ecfafc&#8221; button_on_hover=&#8221;on&#8221; link_option_url=&#8221;https:\/\/kraamzorgdeeilanden.nl\/&#8221; link_option_url_new_window=&#8221;on&#8221; global_colors_info=&#8221;{}&#8221; sticky_transition=&#8221;on&#8221;][\/et_pb_slide][\/et_pb_slider][\/et_pb_column][\/et_pb_row][\/et_pb_section]<\/p>","protected":false},"excerpt":{"rendered":"<p>&nbsp; &nbsp; Onze wereld draait om jou.Uitstekende kwaliteit kraamzorgKraamzorg op een manier die bij jullie pastAandacht voor jou, je baby en de rest van het gezinE\u00e9n vast gezicht in je kraamtijdDicht bij jou in de buurt Zodra de kleine er is, telt er nog maar \u00e9\u00e9n ding. De beste start voor jou en je baby, [&hellip;]<\/p>","protected":false},"author":3,"featured_media":0,"parent":188,"menu_order":4,"comment_status":"closed","ping_status":"closed","template":"","meta":{"_et_pb_use_builder":"on","_et_pb_old_content":"","_et_gb_content_width":""},"yoast_head":"<!-- This site is optimized with the Yoast SEO plugin v21.8.1 - https:\/\/yoast.com\/wordpress\/plugins\/seo\/ -->\n<title>De Eilanden - Verloskundigcentrumdelvi<\/title>\n<meta name=\"robots\" content=\"index, follow, max-snippet:-1, max-image-preview:large, max-video-preview:-1\" \/>\n<link rel=\"canonical\" href=\"https:\/\/delvi.nl\/en\/collaborations\/de-eilanden\/\" \/>\n<meta property=\"og:locale\" content=\"en_GB\" \/>\n<meta property=\"og:type\" content=\"article\" \/>\n<meta property=\"og:title\" content=\"De Eilanden - Verloskundigcentrumdelvi\" \/>\n<meta property=\"og:description\" content=\"&nbsp; &nbsp; Onze wereld draait om jou.Uitstekende kwaliteit kraamzorgKraamzorg op een manier die bij jullie pastAandacht voor jou, je baby en de rest van het gezinE\u00e9n vast gezicht in je kraamtijdDicht bij jou in de buurt Zodra de kleine er is, telt er nog maar \u00e9\u00e9n ding. De beste start voor jou en je baby, [&hellip;]\" \/>\n<meta property=\"og:url\" content=\"https:\/\/delvi.nl\/en\/collaborations\/de-eilanden\/\" \/>\n<meta property=\"og:site_name\" content=\"Verloskundigcentrumdelvi\" \/>\n<meta property=\"article:modified_time\" content=\"2022-07-08T11:33:30+00:00\" \/>\n<meta property=\"og:image\" content=\"https:\/\/delvi.nl\/wp-content\/uploads\/2020\/11\/KZ-de-Eilanden-logo.png\" \/>\n<meta name=\"twitter:card\" content=\"summary_large_image\" \/>\n<meta name=\"twitter:label1\" content=\"Estimated reading time\" \/>\n\t<meta name=\"twitter:data1\" content=\"2 minutes\" \/>\n<script type=\"application\/ld+json\" class=\"yoast-schema-graph\">{\"@context\":\"https:\/\/schema.org\",\"@graph\":[{\"@type\":\"WebPage\",\"@id\":\"https:\/\/delvi.nl\/samenwerkingen\/de-eilanden\/\",\"url\":\"https:\/\/delvi.nl\/samenwerkingen\/de-eilanden\/\",\"name\":\"De Eilanden - Verloskundigcentrumdelvi\",\"isPartOf\":{\"@id\":\"https:\/\/delvi.nl\/#website\"},\"datePublished\":\"2016-09-22T14:04:20+00:00\",\"dateModified\":\"2022-07-08T11:33:30+00:00\",\"breadcrumb\":{\"@id\":\"https:\/\/delvi.nl\/samenwerkingen\/de-eilanden\/#breadcrumb\"},\"inLanguage\":\"en-GB\",\"potentialAction\":[{\"@type\":\"ReadAction\",\"target\":[\"https:\/\/delvi.nl\/samenwerkingen\/de-eilanden\/\"]}]},{\"@type\":\"BreadcrumbList\",\"@id\":\"https:\/\/delvi.nl\/samenwerkingen\/de-eilanden\/#breadcrumb\",\"itemListElement\":[{\"@type\":\"ListItem\",\"position\":1,\"name\":\"Home\",\"item\":\"https:\/\/delvi.nl\/\"},{\"@type\":\"ListItem\",\"position\":2,\"name\":\"Samenwerkingen\",\"item\":\"https:\/\/delvi.nl\/samenwerkingen\/\"},{\"@type\":\"ListItem\",\"position\":3,\"name\":\"De Eilanden\"}]},{\"@type\":\"WebSite\",\"@id\":\"https:\/\/delvi.nl\/#website\",\"url\":\"https:\/\/delvi.nl\/\",\"name\":\"Verloskundigcentrumdelvi\",\"description\":\"Professionele verloskundigen zorg in Delft en omgeving\",\"potentialAction\":[{\"@type\":\"SearchAction\",\"target\":{\"@type\":\"EntryPoint\",\"urlTemplate\":\"https:\/\/delvi.nl\/?s={search_term_string}\"},\"query-input\":\"required name=search_term_string\"}],\"inLanguage\":\"en-GB\"}]}<\/script>\n<!-- \/ Yoast SEO plugin. -->","yoast_head_json":{"title":"De Eilanden - Verloskundigcentrumdelvi","robots":{"index":"index","follow":"follow","max-snippet":"max-snippet:-1","max-image-preview":"max-image-preview:large","max-video-preview":"max-video-preview:-1"},"canonical":"https:\/\/delvi.nl\/en\/collaborations\/de-eilanden\/","og_locale":"en_GB","og_type":"article","og_title":"De Eilanden - Verloskundigcentrumdelvi","og_description":"&nbsp; &nbsp; Onze wereld draait om jou.Uitstekende kwaliteit kraamzorgKraamzorg op een manier die bij jullie pastAandacht voor jou, je baby en de rest van het gezinE\u00e9n vast gezicht in je kraamtijdDicht bij jou in de buurt Zodra de kleine er is, telt er nog maar \u00e9\u00e9n ding. De beste start voor jou en je baby, [&hellip;]","og_url":"https:\/\/delvi.nl\/en\/collaborations\/de-eilanden\/","og_site_name":"Verloskundigcentrumdelvi","article_modified_time":"2022-07-08T11:33:30+00:00","og_image":[{"url":"https:\/\/delvi.nl\/wp-content\/uploads\/2020\/11\/KZ-de-Eilanden-logo.png"}],"twitter_card":"summary_large_image","twitter_misc":{"Estimated reading time":"2 minutes"},"schema":{"@context":"https:\/\/schema.org","@graph":[{"@type":"WebPage","@id":"https:\/\/delvi.nl\/samenwerkingen\/de-eilanden\/","url":"https:\/\/delvi.nl\/samenwerkingen\/de-eilanden\/","name":"De Eilanden - Verloskundigcentrumdelvi","isPartOf":{"@id":"https:\/\/delvi.nl\/#website"},"datePublished":"2016-09-22T14:04:20+00:00","dateModified":"2022-07-08T11:33:30+00:00","breadcrumb":{"@id":"https:\/\/delvi.nl\/samenwerkingen\/de-eilanden\/#breadcrumb"},"inLanguage":"en-GB","potentialAction":[{"@type":"ReadAction","target":["https:\/\/delvi.nl\/samenwerkingen\/de-eilanden\/"]}]},{"@type":"BreadcrumbList","@id":"https:\/\/delvi.nl\/samenwerkingen\/de-eilanden\/#breadcrumb","itemListElement":[{"@type":"ListItem","position":1,"name":"Home","item":"https:\/\/delvi.nl\/"},{"@type":"ListItem","position":2,"name":"Samenwerkingen","item":"https:\/\/delvi.nl\/samenwerkingen\/"},{"@type":"ListItem","position":3,"name":"De Eilanden"}]},{"@type":"WebSite","@id":"https:\/\/delvi.nl\/#website","url":"https:\/\/delvi.nl\/","name":"Verloskundigcentrumdelvi","description":"Professionele verloskundigen zorg in Delft en omgeving","potentialAction":[{"@type":"SearchAction","target":{"@type":"EntryPoint","urlTemplate":"https:\/\/delvi.nl\/?s={search_term_string}"},"query-input":"required name=search_term_string"}],"inLanguage":"en-GB"}]}},"_links":{"self":[{"href":"https:\/\/delvi.nl\/en\/wp-json\/wp\/v2\/pages\/197"}],"collection":[{"href":"https:\/\/delvi.nl\/en\/wp-json\/wp\/v2\/pages"}],"about":[{"href":"https:\/\/delvi.nl\/en\/wp-json\/wp\/v2\/types\/page"}],"author":[{"embeddable":true,"href":"https:\/\/delvi.nl\/en\/wp-json\/wp\/v2\/users\/3"}],"replies":[{"embeddable":true,"href":"https:\/\/delvi.nl\/en\/wp-json\/wp\/v2\/comments?post=197"}],"version-history":[{"count":9,"href":"https:\/\/delvi.nl\/en\/wp-json\/wp\/v2\/pages\/197\/revisions"}],"predecessor-version":[{"id":2958,"href":"https:\/\/delvi.nl\/en\/wp-json\/wp\/v2\/pages\/197\/revisions\/2958"}],"up":[{"embeddable":true,"href":"https:\/\/delvi.nl\/en\/wp-json\/wp\/v2\/pages\/188"}],"wp:attachment":[{"href":"https:\/\/delvi.nl\/en\/wp-json\/wp\/v2\/media?parent=197"}],"curies":[{"name":"wp","href":"https:\/\/api.w.org\/{rel}","templated":true}]}}